{"id":81,"date":"2024-07-15T16:53:46","date_gmt":"2024-07-15T16:53:46","guid":{"rendered":"https:\/\/ayldotaciones.com\/ayl\/?post_type=product&#038;p=81"},"modified":"2025-03-18T17:10:20","modified_gmt":"2025-03-18T17:10:20","slug":"guantes-de-carnaza","status":"publish","type":"product","link":"https:\/\/ayldotaciones.com\/ayl\/product\/guantes-de-carnaza\/","title":{"rendered":"Guantes de Carnaza"},"content":{"rendered":"<p>Guantes para abrasi\u00f3n hechos en carnaza, ya sea largos o cortos seg\u00fan la necesidad de quien lo pida, usado para soldar o manipulaci\u00f3n de herramientas de construcci\u00f3n o elementos pesados<\/p>\n","protected":false},"excerpt":{"rendered":"<p>Color: Gris<br \/>\nTalla: \u00danica<br \/>\nMaterial: Carnaza<\/p>\n<p>Tipo: Largos o cortos<\/p>\n","protected":false},"featured_media":403,"comment_status":"open","ping_status":"closed","template":"","meta":{"_monsterinsights_skip_tracking":false,"_monsterinsights_sitenote_active":false,"_monsterinsights_sitenote_note":"","_monsterinsights_sitenote_category":0},"product_brand":[],"product_cat":[18,24,29],"product_tag":[],"class_list":{"0":"post-81","1":"product","2":"type-product","3":"status-publish","4":"has-post-thumbnail","6":"product_cat-catalogo","7":"product_cat-cuero","8":"product_cat-guantes","10":"first","11":"instock","12":"shipping-taxable","13":"product-type-simple"},"aioseo_notices":[],"jetpack_sharing_enabled":true,"_links":{"self":[{"href":"https:\/\/ayldotaciones.com\/ayl\/wp-json\/wp\/v2\/product\/81","targetHints":{"allow":["GET"]}}],"collection":[{"href":"https:\/\/ayldotaciones.com\/ayl\/wp-json\/wp\/v2\/product"}],"about":[{"href":"https:\/\/ayldotaciones.com\/ayl\/wp-json\/wp\/v2\/types\/product"}],"replies":[{"embeddable":true,"href":"https:\/\/ayldotaciones.com\/ayl\/wp-json\/wp\/v2\/comments?post=81"}],"wp:featuredmedia":[{"embeddable":true,"href":"https:\/\/ayldotaciones.com\/ayl\/wp-json\/wp\/v2\/media\/403"}],"wp:attachment":[{"href":"https:\/\/ayldotaciones.com\/ayl\/wp-json\/wp\/v2\/media?parent=81"}],"wp:term":[{"taxonomy":"product_brand","embeddable":true,"href":"https:\/\/ayldotaciones.com\/ayl\/wp-json\/wp\/v2\/product_brand?post=81"},{"taxonomy":"product_cat","embeddable":true,"href":"https:\/\/ayldotaciones.com\/ayl\/wp-json\/wp\/v2\/product_cat?post=81"},{"taxonomy":"product_tag","embeddable":true,"href":"https:\/\/ayldotaciones.com\/ayl\/wp-json\/wp\/v2\/product_tag?post=81"}],"curies":[{"name":"wp","href":"https:\/\/api.w.org\/{rel}","templated":true}]}}