{"id":78,"date":"2024-07-15T16:47:57","date_gmt":"2024-07-15T16:47:57","guid":{"rendered":"https:\/\/ayldotaciones.com\/ayl\/?post_type=product&#038;p=78"},"modified":"2025-03-06T21:19:35","modified_gmt":"2025-03-06T21:19:35","slug":"guantes-vaqueta","status":"publish","type":"product","link":"https:\/\/ayldotaciones.com\/ayl\/product\/guantes-vaqueta\/","title":{"rendered":"Guantes Vaqueta"},"content":{"rendered":"<p>Guantes de protecci\u00f3n largo o corto de tipo ingeniero, Reforzado o sencillo seg\u00fan las necesidades y la necesidad del tipo de trabajo en obras civiles, mec\u00e1nica o similares<\/p>\n<p>&nbsp;<\/p>\n","protected":false},"excerpt":{"rendered":"<p>Color: Amarillo<br \/>\nTalla: Variada<br \/>\nMaterial: Vaqueta de Res procesad<\/p>\n<p>&nbsp;<\/p>\n","protected":false},"featured_media":406,"comment_status":"open","ping_status":"closed","template":"","meta":{"_monsterinsights_skip_tracking":false,"_monsterinsights_sitenote_active":false,"_monsterinsights_sitenote_note":"","_monsterinsights_sitenote_category":0},"product_brand":[],"product_cat":[18,24,29],"product_tag":[],"class_list":{"0":"post-78","1":"product","2":"type-product","3":"status-publish","4":"has-post-thumbnail","6":"product_cat-catalogo","7":"product_cat-cuero","8":"product_cat-guantes","10":"first","11":"instock","12":"shipping-taxable","13":"product-type-simple"},"aioseo_notices":[],"jetpack_sharing_enabled":true,"_links":{"self":[{"href":"https:\/\/ayldotaciones.com\/ayl\/wp-json\/wp\/v2\/product\/78","targetHints":{"allow":["GET"]}}],"collection":[{"href":"https:\/\/ayldotaciones.com\/ayl\/wp-json\/wp\/v2\/product"}],"about":[{"href":"https:\/\/ayldotaciones.com\/ayl\/wp-json\/wp\/v2\/types\/product"}],"replies":[{"embeddable":true,"href":"https:\/\/ayldotaciones.com\/ayl\/wp-json\/wp\/v2\/comments?post=78"}],"wp:featuredmedia":[{"embeddable":true,"href":"https:\/\/ayldotaciones.com\/ayl\/wp-json\/wp\/v2\/media\/406"}],"wp:attachment":[{"href":"https:\/\/ayldotaciones.com\/ayl\/wp-json\/wp\/v2\/media?parent=78"}],"wp:term":[{"taxonomy":"product_brand","embeddable":true,"href":"https:\/\/ayldotaciones.com\/ayl\/wp-json\/wp\/v2\/product_brand?post=78"},{"taxonomy":"product_cat","embeddable":true,"href":"https:\/\/ayldotaciones.com\/ayl\/wp-json\/wp\/v2\/product_cat?post=78"},{"taxonomy":"product_tag","embeddable":true,"href":"https:\/\/ayldotaciones.com\/ayl\/wp-json\/wp\/v2\/product_tag?post=78"}],"curies":[{"name":"wp","href":"https:\/\/api.w.org\/{rel}","templated":true}]}}