{"id":683,"date":"2025-03-25T15:52:44","date_gmt":"2025-03-25T15:52:44","guid":{"rendered":"https:\/\/ayldotaciones.com\/ayl\/?post_type=product&#038;p=683"},"modified":"2026-04-22T00:54:32","modified_gmt":"2026-04-22T00:54:32","slug":"pantalon-jean-azul-14-onz","status":"publish","type":"product","link":"https:\/\/ayldotaciones.com\/ayl\/product\/pantalon-jean-azul-14-onz\/","title":{"rendered":"Pantal\u00f3n Jean azul 14 onz"},"content":{"rendered":"<p>Pantal\u00f3n de Jean hombre de 14 onzas para uso de empresa en varios \u00e1mbitos resistente, para la protecci\u00f3n del usuario en diferentes \u00e1mbitos que se vayan a usar<\/p>\n","protected":false},"excerpt":{"rendered":"<p>Color: Azul<\/p>\n<p>Tallas: S-M-L-XL<\/p>\n<p>Tipo: 14 Onz<\/p>\n","protected":false},"featured_media":684,"comment_status":"open","ping_status":"closed","template":"","meta":{"_monsterinsights_skip_tracking":false,"_monsterinsights_sitenote_active":false,"_monsterinsights_sitenote_note":"","_monsterinsights_sitenote_category":0},"product_brand":[],"product_cat":[18,22,35],"product_tag":[],"class_list":{"0":"post-683","1":"product","2":"type-product","3":"status-publish","4":"has-post-thumbnail","6":"product_cat-catalogo","7":"product_cat-dotacion","8":"product_cat-pantalones","10":"first","11":"instock","12":"shipping-taxable","13":"product-type-simple"},"aioseo_notices":[],"jetpack_sharing_enabled":true,"_links":{"self":[{"href":"https:\/\/ayldotaciones.com\/ayl\/wp-json\/wp\/v2\/product\/683","targetHints":{"allow":["GET"]}}],"collection":[{"href":"https:\/\/ayldotaciones.com\/ayl\/wp-json\/wp\/v2\/product"}],"about":[{"href":"https:\/\/ayldotaciones.com\/ayl\/wp-json\/wp\/v2\/types\/product"}],"replies":[{"embeddable":true,"href":"https:\/\/ayldotaciones.com\/ayl\/wp-json\/wp\/v2\/comments?post=683"}],"wp:featuredmedia":[{"embeddable":true,"href":"https:\/\/ayldotaciones.com\/ayl\/wp-json\/wp\/v2\/media\/684"}],"wp:attachment":[{"href":"https:\/\/ayldotaciones.com\/ayl\/wp-json\/wp\/v2\/media?parent=683"}],"wp:term":[{"taxonomy":"product_brand","embeddable":true,"href":"https:\/\/ayldotaciones.com\/ayl\/wp-json\/wp\/v2\/product_brand?post=683"},{"taxonomy":"product_cat","embeddable":true,"href":"https:\/\/ayldotaciones.com\/ayl\/wp-json\/wp\/v2\/product_cat?post=683"},{"taxonomy":"product_tag","embeddable":true,"href":"https:\/\/ayldotaciones.com\/ayl\/wp-json\/wp\/v2\/product_tag?post=683"}],"curies":[{"name":"wp","href":"https:\/\/api.w.org\/{rel}","templated":true}]}}