{"id":471,"date":"2025-03-11T15:45:34","date_gmt":"2025-03-11T15:45:34","guid":{"rendered":"https:\/\/ayldotaciones.com\/ayl\/?post_type=product&#038;p=471"},"modified":"2025-10-24T21:53:48","modified_gmt":"2025-10-24T21:53:48","slug":"tapaoidos-tipo-diadema","status":"publish","type":"product","link":"https:\/\/ayldotaciones.com\/ayl\/product\/tapaoidos-tipo-diadema\/","title":{"rendered":"Tapao\u00eddos tipo diadema"},"content":{"rendered":"<p>Tapaoidos de protecci\u00f3n tipo diadema para la protecci\u00f3n de los o\u00eddos de sonidos fuertes, para el confort de los usuarios<\/p>\n","protected":false},"excerpt":{"rendered":"<p>Color: Amarillo<\/p>\n<p>Tipo: Diadema<\/p>\n","protected":false},"featured_media":472,"comment_status":"open","ping_status":"closed","template":"","meta":{"_monsterinsights_skip_tracking":false,"_monsterinsights_sitenote_active":false,"_monsterinsights_sitenote_note":"","_monsterinsights_sitenote_category":0},"product_brand":[],"product_cat":[30,31],"product_tag":[],"class_list":{"0":"post-471","1":"product","2":"type-product","3":"status-publish","4":"has-post-thumbnail","6":"product_cat-proteccion","7":"product_cat-proteccion-auditiva","9":"first","10":"instock","11":"shipping-taxable","12":"product-type-simple"},"aioseo_notices":[],"jetpack_sharing_enabled":true,"_links":{"self":[{"href":"https:\/\/ayldotaciones.com\/ayl\/wp-json\/wp\/v2\/product\/471","targetHints":{"allow":["GET"]}}],"collection":[{"href":"https:\/\/ayldotaciones.com\/ayl\/wp-json\/wp\/v2\/product"}],"about":[{"href":"https:\/\/ayldotaciones.com\/ayl\/wp-json\/wp\/v2\/types\/product"}],"replies":[{"embeddable":true,"href":"https:\/\/ayldotaciones.com\/ayl\/wp-json\/wp\/v2\/comments?post=471"}],"wp:featuredmedia":[{"embeddable":true,"href":"https:\/\/ayldotaciones.com\/ayl\/wp-json\/wp\/v2\/media\/472"}],"wp:attachment":[{"href":"https:\/\/ayldotaciones.com\/ayl\/wp-json\/wp\/v2\/media?parent=471"}],"wp:term":[{"taxonomy":"product_brand","embeddable":true,"href":"https:\/\/ayldotaciones.com\/ayl\/wp-json\/wp\/v2\/product_brand?post=471"},{"taxonomy":"product_cat","embeddable":true,"href":"https:\/\/ayldotaciones.com\/ayl\/wp-json\/wp\/v2\/product_cat?post=471"},{"taxonomy":"product_tag","embeddable":true,"href":"https:\/\/ayldotaciones.com\/ayl\/wp-json\/wp\/v2\/product_tag?post=471"}],"curies":[{"name":"wp","href":"https:\/\/api.w.org\/{rel}","templated":true}]}}