{"id":145,"date":"2024-07-15T16:56:00","date_gmt":"2024-07-15T16:56:00","guid":{"rendered":"https:\/\/ayldotaciones.com\/ayl\/?post_type=product&#038;p=145"},"modified":"2026-03-24T01:32:38","modified_gmt":"2026-03-24T01:32:38","slug":"bota-gm","status":"publish","type":"product","link":"https:\/\/ayldotaciones.com\/ayl\/product\/bota-gm\/","title":{"rendered":"Bota GM"},"content":{"rendered":"<p>Botas puntera diel\u00e9ctrica tipo GM, tipo de calzado aislante, y resistente a impactos, vienen en dos colores negro y caf\u00e9, ofrecen protecci\u00f3n para trabajos en bodega, taller o construcci\u00f3n entre otros<\/p>\n<p>&nbsp;<\/p>\n","protected":false},"excerpt":{"rendered":"<p>Color: Caf\u00e9 &#8211; Negro<\/p>\n<p>Tallas: 36 &#8211; 44<\/p>\n<p>Material: Cuero Mocas\u00edn, semigrueso<\/p>\n","protected":false},"featured_media":147,"comment_status":"open","ping_status":"closed","template":"","meta":{"_monsterinsights_skip_tracking":false,"_monsterinsights_sitenote_active":false,"_monsterinsights_sitenote_note":"","_monsterinsights_sitenote_category":0},"product_brand":[],"product_cat":[23,18],"product_tag":[],"class_list":{"0":"post-145","1":"product","2":"type-product","3":"status-publish","4":"has-post-thumbnail","6":"product_cat-calzado","7":"product_cat-catalogo","9":"first","10":"instock","11":"shipping-taxable","12":"product-type-simple"},"aioseo_notices":[],"jetpack_sharing_enabled":true,"_links":{"self":[{"href":"https:\/\/ayldotaciones.com\/ayl\/wp-json\/wp\/v2\/product\/145","targetHints":{"allow":["GET"]}}],"collection":[{"href":"https:\/\/ayldotaciones.com\/ayl\/wp-json\/wp\/v2\/product"}],"about":[{"href":"https:\/\/ayldotaciones.com\/ayl\/wp-json\/wp\/v2\/types\/product"}],"replies":[{"embeddable":true,"href":"https:\/\/ayldotaciones.com\/ayl\/wp-json\/wp\/v2\/comments?post=145"}],"wp:featuredmedia":[{"embeddable":true,"href":"https:\/\/ayldotaciones.com\/ayl\/wp-json\/wp\/v2\/media\/147"}],"wp:attachment":[{"href":"https:\/\/ayldotaciones.com\/ayl\/wp-json\/wp\/v2\/media?parent=145"}],"wp:term":[{"taxonomy":"product_brand","embeddable":true,"href":"https:\/\/ayldotaciones.com\/ayl\/wp-json\/wp\/v2\/product_brand?post=145"},{"taxonomy":"product_cat","embeddable":true,"href":"https:\/\/ayldotaciones.com\/ayl\/wp-json\/wp\/v2\/product_cat?post=145"},{"taxonomy":"product_tag","embeddable":true,"href":"https:\/\/ayldotaciones.com\/ayl\/wp-json\/wp\/v2\/product_tag?post=145"}],"curies":[{"name":"wp","href":"https:\/\/api.w.org\/{rel}","templated":true}]}}