{"id":444,"date":"2025-03-06T21:31:23","date_gmt":"2025-03-06T21:31:23","guid":{"rendered":"https:\/\/ayldotaciones.com\/ayl\/?page_id=444"},"modified":"2025-03-25T01:18:20","modified_gmt":"2025-03-25T01:18:20","slug":"servicios","status":"publish","type":"page","link":"https:\/\/ayldotaciones.com\/ayl\/servicios\/","title":{"rendered":"Servicios"},"content":{"rendered":"\n<p class=\"has-white-color has-text-color has-background has-link-color has-large-font-size wp-elements-5135bc9ee47d84dd6cc4e25f5aca48fb\" style=\"background-color:#ff2b00;font-style:normal;font-weight:700\">Bordados<\/p>\n\n\n\n<div class=\"wp-block-cover aligncenter\" style=\"min-height:286px;aspect-ratio:unset;\"><span aria-hidden=\"true\" class=\"wp-block-cover__background has-background-dim\"><\/span><video class=\"wp-block-cover__video-background intrinsic-ignore\" autoplay muted loop playsinline src=\"https:\/\/ayldotaciones.com\/ayl\/wp-content\/uploads\/2025\/03\/20240828_090725.mp4\" style=\"object-position:54% 49%\" data-object-fit=\"cover\" data-object-position=\"54% 49%\"><\/video><div class=\"wp-block-cover__inner-container is-layout-flow wp-block-cover-is-layout-flow\">\n<p class=\"has-text-align-center has-large-font-size\">Solicita el dise\u00f1o y par\u00e1metros<\/p>\n<\/div><\/div>\n\n\n\n<div class=\"wp-block-group is-nowrap is-layout-flex wp-container-core-group-is-layout-ad2f72ca wp-block-group-is-layout-flex\">\n<div class=\"wp-block-jetpack-send-a-message\">\n<div class=\"wp-block-jetpack-whatsapp-button aligncenter is-color-light\"><a class=\"whatsapp-block__button\" href=\"https:\/\/api.whatsapp.com\/send?phone=573183247042&amp;text=Me%20gustar%C3%ADa%20este%20dise%C3%B1o\" style=\"background-color:#F4F4F4;color:#465B64\" target=\"_blank\" rel=\"noopener noreferrer\">Que dise\u00f1o necesitas<\/a><\/div>\n<\/div>\n<\/div>\n\n\n\n<p class=\"has-medium-font-size\">Realizamos bordados a pedidos para dotaci\u00f3n de la empresa seg\u00fan las especificaciones dadas. Los precios se adec\u00faan en base al n\u00famero de prendas solicitadas y las dimensiones del bordado en la petici\u00f3n.<\/p>\n\n\n\n<p class=\"has-medium-font-size\">Se realiza en cualquier tipo de prendas que se requiera.<\/p>\n\n\n\n<p class=\"has-white-color has-text-color has-background has-link-color has-large-font-size wp-elements-d9acb6194960eaaf5f8cc9e30f4b0c98\" style=\"background-color:#ff2b00;font-style:normal;font-weight:700\">Impresi\u00f3n<\/p>\n\n\n\n<div class=\"wp-block-cover aligncenter is-light\" style=\"min-height:286px;aspect-ratio:unset;\"><span aria-hidden=\"true\" class=\"wp-block-cover__background has-background-dim\" style=\"background-color:#FFF\"><\/span><video class=\"wp-block-cover__video-background intrinsic-ignore\" autoplay muted loop playsinline src=\"https:\/\/ayldotaciones.com\/ayl\/wp-content\/uploads\/2025\/03\/20240924_102545-1.mp4\" data-object-fit=\"cover\"><\/video><div class=\"wp-block-cover__inner-container is-layout-flow wp-block-cover-is-layout-flow\">\n<p class=\"has-text-align-center has-large-font-size\" style=\"font-style:normal;font-weight:500\">Imprimimos tu logo o lo que quieras<\/p>\n<\/div><\/div>\n\n\n\n<p class=\"has-medium-font-size\">Realizamos servicio de impresi\u00f3n a pedido, se realiza monocrom\u00e1tico o tambi\u00e9n con colores, seg\u00fan el tipo y complejidad del pedido variara el precio, se realiza tambi\u00e9n en todo tipo de prendas.<\/p>\n\n\n\n<p class=\"has-medium-font-size\">Se hace el asesoramiento a trav\u00e9s del chat o por llamada telef\u00f3nica. <\/p>\n\n\n\n<p><\/p>\n","protected":false},"excerpt":{"rendered":"<p>Bordados Realizamos bordados a pedidos para dotaci\u00f3n de la empresa seg\u00fan las especificaciones dadas. Los precios se adec\u00faan en base al n\u00famero de prendas solicitadas y las dimensiones del bordado&hellip;<\/p>\n","protected":false},"author":1,"featured_media":0,"parent":0,"menu_order":0,"comment_status":"closed","ping_status":"closed","template":"","meta":{"_monsterinsights_skip_tracking":false,"_monsterinsights_sitenote_active":false,"_monsterinsights_sitenote_note":"","_monsterinsights_sitenote_category":0,"footnotes":""},"class_list":["post-444","page","type-page","status-publish","hentry"],"aioseo_notices":[],"jetpack_sharing_enabled":true,"_links":{"self":[{"href":"https:\/\/ayldotaciones.com\/ayl\/wp-json\/wp\/v2\/pages\/444","targetHints":{"allow":["GET"]}}],"collection":[{"href":"https:\/\/ayldotaciones.com\/ayl\/wp-json\/wp\/v2\/pages"}],"about":[{"href":"https:\/\/ayldotaciones.com\/ayl\/wp-json\/wp\/v2\/types\/page"}],"author":[{"embeddable":true,"href":"https:\/\/ayldotaciones.com\/ayl\/wp-json\/wp\/v2\/users\/1"}],"replies":[{"embeddable":true,"href":"https:\/\/ayldotaciones.com\/ayl\/wp-json\/wp\/v2\/comments?post=444"}],"version-history":[{"count":9,"href":"https:\/\/ayldotaciones.com\/ayl\/wp-json\/wp\/v2\/pages\/444\/revisions"}],"predecessor-version":[{"id":627,"href":"https:\/\/ayldotaciones.com\/ayl\/wp-json\/wp\/v2\/pages\/444\/revisions\/627"}],"wp:attachment":[{"href":"https:\/\/ayldotaciones.com\/ayl\/wp-json\/wp\/v2\/media?parent=444"}],"curies":[{"name":"wp","href":"https:\/\/api.w.org\/{rel}","templated":true}]}}