{"id":19,"date":"2024-07-08T21:37:07","date_gmt":"2024-07-08T21:37:07","guid":{"rendered":"https:\/\/ayldotaciones.com\/ayl\/sobre\/"},"modified":"2025-03-29T04:05:14","modified_gmt":"2025-03-29T04:05:14","slug":"sobre","status":"publish","type":"page","link":"https:\/\/ayldotaciones.com\/ayl\/sobre\/","title":{"rendered":"Sobre"},"content":{"rendered":"\n<div class=\"wp-block-group alignfull has-background-background-color has-background\" style=\"margin-top:0;margin-bottom:0;padding-top:0;padding-right:0;padding-left:0\"><div class=\"wp-block-group__inner-container is-layout-constrained wp-container-core-group-is-layout-93bc45c0 wp-block-group-is-layout-constrained\">\n<div class=\"wp-block-cover alignfull extendify-image-import wp-duotone-000000-ff6900-1\" style=\"padding-top:0;padding-right:var(--wp--preset--spacing--30);padding-bottom:0;padding-left:var(--wp--preset--spacing--30);min-height:50px;aspect-ratio:unset;\"><span aria-hidden=\"true\" class=\"wp-block-cover__background has-black-background-color has-background-dim-60 has-background-dim\"><\/span><img decoding=\"async\" class=\"wp-block-cover__image-background\" alt=\"\" src=\"https:\/\/images.unsplash.com\/photo-1614676471928-2ed0ad1061a4?fit=crop&amp;crop=entropy%2Cfaces&amp;auto=format%2Ccompress&amp;w=1280\" style=\"object-position:30% 30%\" data-object-fit=\"cover\" data-object-position=\"30% 30%\"\/><div class=\"wp-block-cover__inner-container is-layout-flow wp-block-cover-is-layout-flow\">\n<div class=\"wp-block-group\" style=\"padding-top:var(--wp--preset--spacing--60);padding-bottom:var(--wp--preset--spacing--60)\"><div class=\"wp-block-group__inner-container is-layout-constrained wp-block-group-is-layout-constrained\">\n<div class=\"wp-block-group alignwide is-content-justification-center\"><div class=\"wp-block-group__inner-container is-layout-constrained wp-block-group-is-layout-constrained\">\n<h1 class=\"wp-block-heading alignwide has-text-align-center has-text-color has-x-large-font-size\" style=\"color:#fffffffc\">AYL DOTACIONES SAS: Equipos de Protecci\u00f3n<\/h1>\n\n\n\n<p class=\"has-text-align-center has-text-color\" style=\"color:#fffffffc;margin-top:16px\">Descubre los mejores productos para dotaci\u00f3n industrial y seguridad en el trabajo en <strong>AYL Dotaciones SAS<\/strong>. \u00a1Bienvenido!<\/p>\n<\/div><\/div>\n<\/div><\/div>\n<\/div><\/div>\n<\/div><\/div>\n\n\n\n<div class=\"wp-block-group alignfull has-background-background-color has-background\" style=\"margin-top:0;margin-bottom:0;padding-top:var(--wp--preset--spacing--60);padding-right:var(--wp--preset--spacing--30);padding-bottom:var(--wp--preset--spacing--60);padding-left:var(--wp--preset--spacing--30)\"><div class=\"wp-block-group__inner-container is-layout-constrained wp-container-core-group-is-layout-512a02c9 wp-block-group-is-layout-constrained\">\n<h2 class=\"wp-block-heading has-text-align-center has-large-font-size\">Nuestra dedicaci\u00f3n a la seguridad industrial<\/h2>\n\n\n\n<p class=\"has-text-align-center has-tertiary-color has-text-color has-link-color wp-elements-bf1c39be9a09ed022b3c261c12680dfb\" style=\"margin-top:16px\"><mark style=\"background-color:rgba(0, 0, 0, 0)\" class=\"has-inline-color has-luminous-vivid-orange-color\"><strong>AYL DOTACIONES SAS <\/strong><\/mark>es una compa\u00f1\u00eda Colombiana. Nos especializamos en ofrecer los mejores productos para dotaci\u00f3n industrial y seguridad en el trabajo.<\/p>\n\n\n\n<figure class=\"wp-block-gallery alignwide has-nested-images columns-default is-cropped wp-block-gallery-2 is-layout-flex wp-block-gallery-is-layout-flex\"><\/figure>\n<\/div><\/div>\n\n\n\n<div class=\"wp-block-group alignfull has-background-background-color has-background\" style=\"margin-top:0;margin-bottom:0;padding-top:var(--wp--preset--spacing--60);padding-right:var(--wp--preset--spacing--30);padding-bottom:var(--wp--preset--spacing--60);padding-left:var(--wp--preset--spacing--30)\"><div class=\"wp-block-group__inner-container is-layout-constrained wp-container-core-group-is-layout-392eb801 wp-block-group-is-layout-constrained\">\n<div class=\"wp-block-columns alignwide are-vertically-aligned-top is-layout-flex wp-container-core-columns-is-layout-52fe8137 wp-block-columns-is-layout-flex\">\n<div class=\"wp-block-column is-vertically-aligned-top is-layout-flow wp-block-column-is-layout-flow\">\n<div class=\"wp-block-group alignwide has-medium-font-size is-content-justification-left\"><div class=\"wp-block-group__inner-container is-layout-constrained wp-container-core-group-is-layout-eded1d97 wp-block-group-is-layout-constrained\">\n<h2 class=\"wp-block-heading has-large-font-size\">Estad\u00edsticas de Seguridad y Popularidad<\/h2>\n\n\n\n<p class=\"has-tertiary-color has-text-color has-link-color has-medium-font-size wp-elements-a8cdaed93b21505821845d2b2b7e093c\" style=\"margin-top:16px\">En <mark style=\"background-color:rgba(0, 0, 0, 0)\" class=\"has-inline-color has-luminous-vivid-orange-color\"><strong>AYL DOTACIONES SAS<\/strong><\/mark>, nos enorgullece compartir nuestras estad\u00edsticas que reflejan nuestro compromiso y la satisfacci\u00f3n de nuestros clientes. Echa un vistazo a los n\u00fameros que nos respaldan:<\/p>\n<\/div><\/div>\n<\/div>\n\n\n\n<div class=\"wp-block-column is-vertically-aligned-top is-layout-flow wp-block-column-is-layout-flow\" style=\"flex-basis:525px\">\n<div class=\"wp-block-columns alignwide is-layout-flex wp-container-core-columns-is-layout-a26d1989 wp-block-columns-is-layout-flex\">\n<div class=\"wp-block-column is-vertically-aligned-top has-tertiary-background-color has-background is-layout-flow wp-block-column-is-layout-flow\" style=\"padding-top:2rem;padding-right:1.5rem;padding-bottom:2rem;padding-left:1.5rem\">\n<h3 class=\"wp-block-heading has-text-align-center has-large-font-size\" style=\"margin-top:12px\">Equipos m\u00e1s avanzados<\/h3>\n<\/div>\n\n\n\n<div class=\"wp-block-column has-tertiary-background-color has-background is-layout-flow wp-block-column-is-layout-flow\" style=\"padding-top:2rem;padding-right:1.5rem;padding-bottom:2rem;padding-left:1.5rem\">\n<h3 class=\"wp-block-heading has-text-align-center has-large-font-size\" style=\"margin-top:12px\">Productos m\u00e1s seguros<\/h3>\n<\/div>\n<\/div>\n\n\n\n<div class=\"wp-block-columns alignwide is-layout-flex wp-container-core-columns-is-layout-a26d1989 wp-block-columns-is-layout-flex\">\n<div class=\"wp-block-column has-tertiary-background-color has-background is-layout-flow wp-block-column-is-layout-flow\" style=\"padding-top:2rem;padding-right:1.5rem;padding-bottom:2rem;padding-left:1.5rem\">\n<h3 class=\"wp-block-heading has-text-align-center has-large-font-size\" style=\"margin-top:12px\">Materiales de alta calidad<\/h3>\n<\/div>\n\n\n\n<div class=\"wp-block-column has-tertiary-background-color has-background is-layout-flow wp-block-column-is-layout-flow\" style=\"padding-top:2rem;padding-right:1.5rem;padding-bottom:2rem;padding-left:1.5rem\">\n<h3 class=\"wp-block-heading has-text-align-center has-large-font-size\" style=\"margin-top:12px\">Atenci\u00f3n excepcional<\/h3>\n<\/div>\n<\/div>\n<\/div>\n<\/div>\n<\/div><\/div>\n\n\n\n<div class=\"wp-block-group alignfull has-background-background-color has-background\" style=\"margin-top:0;margin-bottom:0;padding-top:var(--wp--preset--spacing--60);padding-right:var(--wp--preset--spacing--30);padding-bottom:var(--wp--preset--spacing--60);padding-left:var(--wp--preset--spacing--30)\"><div class=\"wp-block-group__inner-container is-layout-constrained wp-container-core-group-is-layout-392eb801 wp-block-group-is-layout-constrained\">\n<div class=\"wp-block-group\"><div class=\"wp-block-group__inner-container is-layout-constrained wp-block-group-is-layout-constrained\">\n<h2 class=\"wp-block-heading has-text-align-center has-large-font-size\">Protege tu vida y tu trabajo<\/h2>\n\n\n\n<p class=\"has-text-align-center has-tertiary-color has-text-color has-link-color wp-elements-f63056ffa661f8fe3b8e7baecd6e751f\" style=\"margin-top:16px\">En <strong><mark style=\"background-color:rgba(0, 0, 0, 0)\" class=\"has-inline-color has-luminous-vivid-orange-color\">AYL DOTACIONES SAS<\/mark><\/strong>, ofrecemos una amplia gama de equipos de dotaci\u00f3n industrial y seguridad en el trabajo. Nuestra misi\u00f3n es proporcionarte productos de la m\u00e1s alta calidad para garantizar tu seguridad y comodidad en el entorno laboral. \u00a1Conf\u00eda en nosotros para tu protecci\u00f3n!<\/p>\n\n\n\n<div class=\"wp-block-buttons is-content-justification-center is-layout-flex wp-container-core-buttons-is-layout-c0dcb441 wp-block-buttons-is-layout-flex\">\n<div class=\"wp-block-button is-style-outline is-style-outline--3\"><a class=\"wp-block-button__link wp-element-button\" href=\"\/contacto\">Conoce m\u00e1s<\/a><\/div>\n\n\n\n<div class=\"wp-block-button\"><a class=\"wp-block-button__link wp-element-button\" href=\"https:\/\/ayldotaciones.com\/ayl\/product-category\/catalogo\/\">Compra ahora<\/a><\/div>\n<\/div>\n<\/div><\/div>\n\n\n\n<div class=\"wp-block-group alignwide\"><div class=\"wp-block-group__inner-container is-layout-flow wp-block-group-is-layout-flow\"><\/div><\/div>\n<\/div><\/div>\n","protected":false},"excerpt":{"rendered":"<p>Nuestra dedicaci\u00f3n a la seguridad industrial AYL DOTACIONES SAS es una compa\u00f1\u00eda Colombiana. Nos especializamos en ofrecer los mejores productos para dotaci\u00f3n industrial y seguridad en el trabajo. Estad\u00edsticas de&hellip;<\/p>\n","protected":false},"author":1,"featured_media":0,"parent":0,"menu_order":0,"comment_status":"closed","ping_status":"closed","template":"","meta":{"_monsterinsights_skip_tracking":false,"_monsterinsights_sitenote_active":false,"_monsterinsights_sitenote_note":"","_monsterinsights_sitenote_category":0,"footnotes":""},"class_list":["post-19","page","type-page","status-publish","hentry"],"aioseo_notices":[],"jetpack_sharing_enabled":true,"_links":{"self":[{"href":"https:\/\/ayldotaciones.com\/ayl\/wp-json\/wp\/v2\/pages\/19","targetHints":{"allow":["GET"]}}],"collection":[{"href":"https:\/\/ayldotaciones.com\/ayl\/wp-json\/wp\/v2\/pages"}],"about":[{"href":"https:\/\/ayldotaciones.com\/ayl\/wp-json\/wp\/v2\/types\/page"}],"author":[{"embeddable":true,"href":"https:\/\/ayldotaciones.com\/ayl\/wp-json\/wp\/v2\/users\/1"}],"replies":[{"embeddable":true,"href":"https:\/\/ayldotaciones.com\/ayl\/wp-json\/wp\/v2\/comments?post=19"}],"version-history":[{"count":5,"href":"https:\/\/ayldotaciones.com\/ayl\/wp-json\/wp\/v2\/pages\/19\/revisions"}],"predecessor-version":[{"id":695,"href":"https:\/\/ayldotaciones.com\/ayl\/wp-json\/wp\/v2\/pages\/19\/revisions\/695"}],"wp:attachment":[{"href":"https:\/\/ayldotaciones.com\/ayl\/wp-json\/wp\/v2\/media?parent=19"}],"curies":[{"name":"wp","href":"https:\/\/api.w.org\/{rel}","templated":true}]}}